{"id":32,"date":"2016-03-23T10:53:20","date_gmt":"2016-03-23T09:53:20","guid":{"rendered":"http:\/\/pages.di.unipi.it\/dbacciu\/?page_id=32"},"modified":"2024-12-20T14:00:04","modified_gmt":"2024-12-20T13:00:04","slug":"short-cv","status":"publish","type":"page","link":"https:\/\/pages.di.unipi.it\/bacciu\/short-cv\/","title":{"rendered":"Short CV"},"content":{"rendered":"<h2>Education<\/h2>\n<p><strong>(2005 &#8211; 2008)\u00a0 <a href=\"https:\/\/pages.di.unipi.it\/bacciu\/www.imtlucca.it\">IMT Lucca<\/a> Institute for Advanced Studies<br \/>\n<\/strong><\/p>\n<ul>\n<li>PhD student with full grant\u00a0 at the PhD Programme in Computer Science<\/li>\n<li>December 2008 &#8211; Ph.D. in Computer Science and Engineering<\/li>\n<li>Thesis awarded with the <a href=\"http:\/\/www.iiassvietri.it\/en\/caianiello-prize-best-phd-thesis.html\"><b><i>2009 E.R. Caianiello Award<\/i><\/b> <\/a>for the best Ph.D. Thesis in Neural Networks and related fields<\/li>\n<\/ul>\n<p><strong>(2007 &#8211; 2008)\u00a0\u00a0 Liverpool John Moores University<\/strong><\/p>\n<ul>\n<li>Visiting researcher at the Neural Computation Research Group under the supervision of Prof. Paulo J. G. Lisboa.<\/li>\n<\/ul>\n<p><strong>(1998 &#8211; 2003)\u00a0\u00a0 Computer Science Department &#8211;\u00a0 University of Pisa<\/strong><\/p>\n<ul>\n<li>May 2003 &#8211;\u00a0 B.Sc. in Computer Science, <i>Cum Laude<\/i><\/li>\n<li>December 2003 &#8211; M.Sc. in Computer Science, <i>Cum Laude<\/i><\/li>\n<\/ul>\n<p><strong>(2001 &#8211; 2002) \u00a0<\/strong><strong> University of Uppsala<\/strong><\/p>\n<ul>\n<li>Visiting student at the Computer Science Department in the framework of the EU Erasmus project<\/li>\n<\/ul>\n<h2>Work Experience<\/h2>\n<p><strong>(November 2023 &#8211; now) Full Professor <\/strong><strong>at the Computer Science Department &#8211; University of Pisa<\/strong><\/p>\n<ul>\n<li>(October 2022-September 2026) Coordinator of the <a href=\"https:\/\/eic-emerge.eu\/\">EIC Pathfinder Project EMERGE<\/a><\/li>\n<\/ul>\n<p><strong>(November 2023 &#8211; now) Director of AI Research <\/strong><strong>&#8211; Aptus.AI<\/strong><\/p>\n<p><strong>(July 2020 &#8211; October 2023) Associate Professor <\/strong><strong>at the Computer Science Department &#8211; University of Pisa<\/strong><\/p>\n<ul>\n<li>Founder and head of the <a href=\"http:\/\/pai.di.unipi.it\/\">Pervasive Artificial Intelligence Laboratory<\/a> (PAILab)<\/li>\n<li>Italian national habilitation as Full Professor in Computer Science (01\/B1) since 23\/11\/2020<\/li>\n<li>Italian national habilitation as Full Professor in Computer Engineering (09\/H1) since 13\/11\/2020<\/li>\n<li>(January 2020-October 2023) Coordinator of the <a href=\"http:\/\/www.teaching-h2020.eu\">EU-H2020-ICT TEACHING<\/a> project (A computing Toolkit for building Efficient Autonomous appliCations leveraging Humanistic INtelliGence).<\/li>\n<\/ul>\n<p><strong>(May 2014 &#8211; June 2020) Assistant professor <\/strong><strong>at the Computer Science Department &#8211; University of Pisa<\/strong><\/p>\n<ul>\n<li>(July 2017 &#8211; June 2020) Senior Assistant professor<\/li>\n<li>(May 2014 &#8211; June 2017) Junior Assistant professor<\/li>\n<li>(March 2016-September 2019) Principal Investigator of the MIUR-SIR project <a href=\"http:\/\/dbacciu.github.io\/listit\/\">LISTIT<\/a>:\u00a0 Learning non-Isomorph Structured Transductions for Image and Text fragments<\/li>\n<li>(May 2014-October 2016) Work on the FP7 EU project (STREP) <a href=\"http:\/\/www.doremi-fp7.eu\/\">DOREMI<\/a>: Decrease of cOgnitive decline malnutRition and sedEntariness by elderly empowerment in lifestyle Management and social Inclusion<\/li>\n<\/ul>\n<p><strong>(June 2011 &#8211; April 2014)\u00a0 PostDoc Research Fellow of the <a href=\"http:\/\/www.di.unipi.it\/groups\/ciml\/\">CI&amp;ML group<\/a> at the Computer Science Department &#8211; University of Pisa <\/strong><\/p>\n<ul>\n<li>Work on the FP7 EU project (STREP) <a href=\"http:\/\/www.fp7rubicon.eu\/\">RUBICON<\/a>: Robotic UBIquitous COgnitive Network<\/li>\n<\/ul>\n<p><strong>(2009 &#8211; May 2011)\u00a0 PostDoc Research Fellow of the <a href=\"http:\/\/www.di.unipi.it\/groups\/ciml\/\">CI&amp;ML group<\/a> at the Computer Science Department &#8211; University of Pisa<\/strong><\/p>\n<p><strong>(Oct. 2008 &#8211; Dec. 2008)\u00a0 Research Assistant at Liverpool John Moores University &#8211; Unilever Research, UK<\/strong><\/p>\n<ul>\n<li>Structure learning in Bayesian graphical models: joint work with Paulo J.G. Lisboa (Liverpool John Moores University) and Joe Whittaker (Lancaster University)<\/li>\n<\/ul>\n<p><strong>(2004 &#8211; 2006) <a href=\"http:\/\/www.robotechsrl.com\/\">Robotech Srl<\/a> &#8211; Italy<\/strong><\/p>\n<ul>\n<li>\u00a0Collaboration to prototyping and development of the <a href=\"http:\/\/www.i-droid01.com\/\">I-Droid01<\/a> robotic platform<\/li>\n<\/ul>\n<p><strong>(2004 &#8211; 2005)\u00a0 Research Assistant at the Arts Lab &#8211; Scuola Superiore Sant\u2019Anna Pisa<\/strong><\/p>\n<ul>\n<li>Work on the European project (IST-FET) <em>Alladin: Natural Language Based Decision Support in Neuro-Rehabilitation<\/em><\/li>\n<\/ul>\n<h2>Scientific Activity<\/h2>\n<p>A complete list of publications is available <a href=\"..\/research\/publications\/\">here<\/a><\/p>\n<p>A summary of my supervision activity (post-doc, phd and undergraduate) is available <a href=\"..\/supervision\/\">here<\/a><\/p>\n<h3>Editorial Activity<\/h3>\n<ul>\n<li><strong>Associate Editor<\/strong> of IEEE Computational Intelligence Magazine (since 2024)<\/li>\n<li><strong>Senior Editor <\/strong>of IEEE Transactions on Neural Networks and Learning Systems (since 2022) (previously <strong>Associate Editor<\/strong> since 2017)<\/li>\n<li><strong>Academic Editor<\/strong> of PLOS ONE (2018-2022)<\/li>\n<li><strong>Guest Associate Editor<\/strong> for Frontiers in Robotics and AI (2019-2020)<\/li>\n<\/ul>\n<h3>Scientific and Academic Organizations<\/h3>\n<ul>\n<li><strong>IEEE Senior Member<\/strong> (since 2018)<\/li>\n<li><strong>Board Member<\/strong> (since 2019) and <strong>Chair<\/strong> (since 2023, previously <strong>Vice chair <\/strong>since 2021) of the the <a href=\"https:\/\/cis.ieee.org\/technical-committees\/neural-networks-technical-committee\/neural-networks-tc-members\"><strong>IEEE CIS Neural Network Technical Committee<\/strong> <\/a><\/li>\n<li><strong>Member<\/strong> of the IEEE CIS Nominations Committee<\/li>\n<li><strong>Founder and Chair<\/strong> of the <a href=\"http:\/\/www.learning4graphs.org\"><strong>IEEE Task Force on Learning for structured data <\/strong><\/a>(2020-2023).<\/li>\n<li><strong>Board Member <\/strong>(since 2015), <strong>Vice President<\/strong> (since 2022) and past <strong>Secretary <\/strong>(Dec. 2017- Dec. 2021) of the <a href=\"http:\/\/www.aixia.it\">Italian Association for Artificial Intelligence<\/a><\/li>\n<\/ul>\n<p><strong>Executive Committee Member <\/strong>and<strong> President<\/strong> of the Alumni and Students Association of <a href=\"http:\/\/www.imtlucca.it\/it\/the-imt-school\/associazione-allievi-ed-ex-allievi\">IMT Lucca<\/a> (2019-ongoing).<\/p>\n<h3>Conference Organization<\/h3>\n<p><strong>Organizing committee of conference and graduate\/summer schools<\/strong><\/p>\n<ul>\n<li>IEEE\/INNS International Joint Conference on Neural Networks 2026 &#8211; <strong>General Chair<\/strong><\/li>\n<li>ACM AI-ML Systems 2025 &#8211; <strong>General Chair<\/strong><\/li>\n<li>IEEE\/INNS International Joint Conference on Neural Networks 2025 &#8211; <strong>Journal Track Chair<\/strong><\/li>\n<li>ACM AI-ML Systems 2024 &#8211; <strong>Technical Program Committee Chair<\/strong><\/li>\n<li>IEEE International Conference on Ubiquitous Intelligence and Computing (UIC 2024) &#8211; <strong>Program Vice-Chair<\/strong><\/li>\n<li>IEEE World Congress on Computational Intelligence (WCCI 2022) &#8211; <strong>Publicity\/Public Relations Chair<\/strong><\/li>\n<li><a href=\"http:\/\/cyber-science.org\/2021\/dasc\/\"> IEEE International Conference on Dependable, Autonomic and Secure Computing<\/a> (DASC 2021) &#8211; <strong>Member of International Advisory Committee<\/strong><\/li>\n<li>&#8220;Advanced Course on Data Science &amp; Machine Learning&#8221; (<a href=\"http:\/\/acdl2021.icas.cc\">ACDL 2021<\/a>, <a href=\"https:\/\/acdl2020.icas.xyz\/\">ACDL 2020<\/a>, <a href=\"https:\/\/acdl2019.icas.xyz\/\">ACDL 2019<\/a>, <a href=\"https:\/\/acdl2018.icas.xyz\/\">ACDL 2018<\/a>)<\/li>\n<li>INNS Big Data and Deep Learning Conference (INNSBDDL 2019) &#8211; <strong>Awards Chair<\/strong><\/li>\n<\/ul>\n<p>Organizing conference <strong>special sessions, workshops <\/strong>and<strong> tutorials<br \/>\n<\/strong><\/p>\n<ul>\n<li>Tutorial on &#8220;Deep Learning for Graphs&#8221;, at WCCI 2024, July 2024<\/li>\n<li>\u201cDeep Learning for Graphs\u201c at WCCI 2024, Daniele Castellana (University of Florence), Federico Errica (NEC Laboratories Europe), Filippo Maria Bianchi (UiT),\u00a0\u00a0 Nicol\u00f2 Navarin (University of Padua),\u00a0 Luca Pasa (University of Padua), Davide Rigoni (University of Padua),\u00a0 Daniele Zambon (Swiss AI Lab IDSIA, Universit\u00e0 della Svizzera italiana)<\/li>\n<li>Special session on &#8220;Informed Machine Learning for Complex Data&#8221; at ESANN 2024, Luca Oneto (University of Genoa), Nicol\u00f2 Navarin (University of Padua), Alessio Micheli (Universit\u00e0 di Pisa), Luca Pasa (University of Padua), Claudio Gallicchio (Universit\u00e0 di Pisa), Davide Anguita (University of Genoa)<\/li>\n<li>Tutorial on &#8220;Deep Learning for Graphs&#8221;, at ECML\/PKDD 2023, September 2023<\/li>\n<li>Tutorial on\u00a0 \u201cPervasive Artificial Intelligence\u201d at ECML\/PKDD 2023, Antonio Carta (Universit\u00e0 di Pisa), Patrizio Dazzi (Universit\u00e0 di Pisa), Claudio Gallicchio (Universit\u00e0 di Pisa), September 2023<\/li>\n<li>Tutorial on\u00a0 \u201cPervasive Artificial Intelligence\u201d at AAAI 2023, Antonio Carta (Universit\u00e0 di Pisa), Patrizio Dazzi (Universit\u00e0 di Pisa), Claudio Gallicchio (Universit\u00e0 di Pisa), February 2023<\/li>\n<li>\u00a0\u201cDeep Learning for Graphs\u201c at IJCNN 2023, Daniele Castellana (University of Florence), Federico Errica (NEC Laboratories Europe), Ming Jin (Monash University), Yixin Liu (Monash University),\u00a0 Nicol\u00f2 Navarin (University of Padua), Shirui Pan (Griffith University), Luca Pasa (University of Padua), Senzhang Wang (Central South University), Feng Xia (RMIT University), Daniele Zambon (Swiss AI Lab IDSIA, Universit\u00e0 della Svizzera italiana), Yizhen Zheng (Monash University), July 2023<\/li>\n<li>\u201cGraph Representation Learning\u201d\u00a0 at ESANN 2023, Federico Errica (NEC), Alessio Micheli (Universit\u00e0 di Pisa), Luca Pasa (University of Padua), Nicol\u00f2 Navarin (University of Padua), Marco Podda (Universit\u00e0 di Pisa), Daniele Zambon (IDSIA), October 2023<\/li>\n<li>Workshop on &#8220;<a href=\"http:\/\/pai.di.unipi.it\/paiw2022\/\">Pervasive Artificial Intelligence<\/a>&#8221; at <a href=\"http:\/\/wcci2022.org\">WCCI 2022<\/a>, Antonio Carta (Universit\u00e0 di Pisa), Patrizio Dazzi (ISTI-CNR),\u00a0 Magdalini Eirinaki (San Jose State University), Iraklis Varlamis (Harokopio University of Athens), July 2022<\/li>\n<li><a href=\"https:\/\/sites.google.com\/view\/dl4g-2022\">Deep learning for graphs<\/a>, special session at <a href=\"http:\/\/wcci2022.org\">WCCI 2022,\u00a0<\/a>Shirui Pan (Monash University), Daniele Grattarola (IDSIA), Miao Zhang (Aalborg University), Nicol\u00f2 Navarin (University of Padova), Feng Xia (Federation University Australia), Daniele Zambon (IDSIA), July 2022<\/li>\n<li>Tutorial on &#8220;<a href=\"https:\/\/www.ijcnn.org\/tutorials\">Deep Learning for Graphs<\/a>&#8220;, at IJCNN 2021, July 2021<\/li>\n<li><a href=\"https:\/\/www.esann.org\/special-sessions#session4\">Deep learning for graphs<\/a>, special session at <a href=\"\/www.esann.org\">ESANN 2021,<\/a> Filippo Maria Bianchi (NORCE &#8211; the Norwegian Research Center, Norway), Benjamin Paassen (The University of Sydney, Australia), Cesare Alippi (Universit\u00e0 della Svizzera italiana, Switzerland), October 2021<\/li>\n<li>Tutorial on &#8220;<a href=\"https:\/\/www.learning4graphs.org\/activities\/tutorials\/ecai-2020\">Deep learning for graphs Processing symbolic relationships with neural networks<\/a>&#8220;,\u00a0 at <a href=\"http:\/\/ecai2020.eu\/\">ECAI&#8217;20<\/a>, August 2020<\/li>\n<li>Tutorial on <a href=\"https:\/\/www.learning4graphs.org\/activities\/tutorials\/wcci-2020\">Deep learning for graphs<\/a> at <a href=\"http:\/\/wcci2020.org\">WCCI&#8217;20<\/a>, July 2020<\/li>\n<li><a href=\"https:\/\/sites.google.com\/view\/lr4sd20\">Learning Representations for Structured Data<\/a> session at WCCI-IJCNN 2020,\u00a0 Filippo Maria Bianchi (UIT, NO),Thomas G\u00e4rtner (University of Nottingham, UK), Nicol\u00f2 Navarin (University of Padova, Italy), Alessandro Sperduti (University of Padova, Italy)<\/li>\n<li><a href=\"https:\/\/www.esann.org\/special-sessions\">Tensor Decompositions in Deep Learning<\/a> session at ESANN 2020, Danilo Mandic (Imperial College, United Kingdom)<\/li>\n<li>Tutorial on Deep Learning for Graphs, at <a href=\"https:\/\/www.ijcnn.org\/2019-tutorials\">IJCNN 2019<\/a>.<\/li>\n<li><a href=\"https:\/\/sites.google.com\/view\/lr4sd-ijcnn19\">Learning Representations for Structured Data<\/a> session at IJCNN 2019,\u00a0 Thomas G\u00e4rtner (University of Nottingham, UK), Nicol\u00f2 Navarin (University of Padova, Italy), Alessandro Sperduti (University of Padova, Italy)<\/li>\n<li><a href=\"http:\/\/www.cs.upc.edu\/~avellido\/research\/conferences\/IJCNN2019-ssExplainableML.html\">Explainable Machine Learning<\/a> session at IJCNN 2019, Paulo J. G. Lisboa (LJMU, United Kingdom), Jose D. Martin, (Universitat de Val\u00e8ncia, Spain), Alfredo Vellido (UPC, Spain)<\/li>\n<li>Tutorial on Deep Learning for Graphs, at <a href=\"http:\/\/innsbddl2019.org\/\">INNS-BDDL<\/a> 2019<\/li>\n<li>Societal Issues in Machine Learning: When Learning from Data is Not Enough session, at<a href=\"https:\/\/www.elen.ucl.ac.be\/esann\"> ESANN 2019<\/a>, Battista Biggio (Universit\u00e0 di Cagliari, Italy), Paulo J. G. Lisboa (LJMU, United Kingdom), Jose D. Martin, (Universitat de Val\u00e8ncia, Spain), Luca Oneto (Universit\u00e0 di Genova, Italy), Alfredo Vellido (UPC, Spain)<\/li>\n<li>Tutorial on Deep Learning for Graphs, at\u00a0 <a href=\"http:\/\/www.ecmlpkdd2018.org\">ECML-PKDD 2018<\/a>, Alessio Micheli<\/li>\n<li>Machine explanation: Interpretation of Machine Learning Models for Medicine and Bioinformatics session, at <a href=\"https:\/\/eventos.fct.unl.pt\/cibb2018\">CIBB 2018<\/a>,\u00a0 Ian Jarman (LJMU, UK), Jos\u00e9 D. Mart\u00edn-Guerrero (Universitat de Val\u00e8ncia, Spain), Alfredo Vellido (UPC, Spain)<\/li>\n<li>Deep Learning for Structured and Multimedia Information (DEEPSM) session, at <a href=\"http:\/\/www.ecomp.poli.br\/~wcci2018\/\">WCCI2018<\/a>,\u00a0Silvio Jamil F. Guimar\u00e3es (PUC Minas, Brazil) and Zenilton K. G. Patroc\u00ednio Jr\u00a0(PUC Minas, Brazil)<\/li>\n<li>Deep Learning in Bioinformatics and Medicine session, at <a href=\"https:\/\/www.elen.ucl.ac.be\/esann\">ESANN 2018<\/a>, Miguel Atencia (Universidad de M\u00e1laga, Spain), Paulo J. G. Lisboa (LJMU, United Kingdom), Jose D. Martin, (Universitat de Val\u00e8ncia, Spain), Ruxandra Stoean (University of Craiova, Romania), Alfredo Vellido (UPC, Spain)<\/li>\n<li>Parallel Computations for Neural Networks, at <a href=\"http:\/\/hpcs2017.cisedu.info\/\">HPCS 2017<\/a>, Andreea Anghel, Georgios Kathareios, Mitch Gusat (IBM)<\/li>\n<li>Cloud in Robotics and Cyber Physical Systems, at <a href=\"http:\/\/cloudnet2016.ieee-cloudnet.org\/\" target=\"_blank\" rel=\"noopener noreferrer\">IEEE Cloudnet 2016<\/a> , co-chair with <a href=\"http:\/\/www.centropiaggio.unipi.it\/%7Ebicchi\" target=\"_blank\" rel=\"noopener noreferrer\">Antonio Bicchi<\/a> (UNIPI, IIT)<\/li>\n<\/ul>\n<p>Member of the <strong>Program Committee<\/strong> of<\/p>\n<ul>\n<li>International Conference on Machine Learning (ICML 2020-2025)<\/li>\n<li><span class=\"st\">Neural Information Processing and Systems (NeurIPS 2019-2025) &#8211; <strong>Area Chair<\/strong><br \/>\n<\/span><\/li>\n<li>International Conference on Learning Representations (ICLR 2022-2025)<\/li>\n<li><span class=\"st\">International Joint Conference on Artificial Intelligence (IJCAI 2018-2024) &#8211; <strong>Senior PC<\/strong><br \/>\n<\/span><\/li>\n<li><span class=\"st\">International Conference on Neural Information Processing (ICONIP 2020) &#8211; <strong>Senior PC<\/strong><\/span><\/li>\n<li>European Conference on Artificial Intelligence (ECAI 2020-2024) &#8211; <strong>Senior PC<\/strong><\/li>\n<li>AAAI Conference on Artificial Intelligence (AAAI 2019-2024)\u00a0 &#8211;<strong> Senior PC<\/strong><\/li>\n<li><a href=\"https:\/\/sites.google.com\/view\/gclr2021\">GCLR 2021<\/a> Workshop at AAAI (2021-2024)<\/li>\n<li>IEEE International Joint Conference on Neural Networks (IJCNN 2018-2024)<\/li>\n<li>European Symposium on Artificial Neural Networks (ESANN 2019-2024)<\/li>\n<li><span class=\"st\">International Conference on Artificial Neural Networks (ICANN 2019)<br \/>\n<\/span><\/li>\n<li>International Workshop on Parallel Computations for Neural Networks (PCNN 2018)<\/li>\n<li>International Work-Conference on Artificial Neural Networks (IWANN 2011-2023)<\/li>\n<li>International Conference of the Italian Association for Artificial Intelligence (AI*IA 2017-2022)<\/li>\n<li>IEEE Symposium on Deep Learning (DL 2016-2019)<\/li>\n<li>International Conference on Cloud and Robotics (ICCR 2017)<\/li>\n<li>International Conference on Probabilistic Graphical Models (PGM 2016)<\/li>\n<li>International Conference on Signal Processing, Computing and Control (ISPCC 2015)<\/li>\n<li>World Congress on Nature and Biologically Inspired Computing (NaBIC2011)<\/li>\n<\/ul>\n<h3>Reviewing Activity<\/h3>\n<p><strong>Project Evaluator<\/strong> <strong>and Rapporteur<\/strong><\/p>\n<ul>\n<li>EU projects\n<ul>\n<li>Reviewer: H2020 ELISE, H2020 VISION, HE ELIAS, HE AIEdge<\/li>\n<li>Evaluator: HE MSCA actions<\/li>\n<li>Evaluator: ERC StG<\/li>\n<\/ul>\n<\/li>\n<li>Cyprus research council<\/li>\n<li>Estonian Research Council<\/li>\n<li>MIUR EUROSTARS<\/li>\n<li>POR FESR Lazio<\/li>\n<li>University of Padova &#8220;Joint University-Industry projects&#8221;<\/li>\n<li>University of Firenze &#8220;Competitive projects for fixed-term contract researchers&#8221;<\/li>\n<li>University of Verona &#8220;Fundamental Research&#8221; and &#8220;Joint Projects&#8221; programme<\/li>\n<li>Romanian National Research Council (<a href=\"http:\/\/www.cncs-nrc.ro\/home\/\">CNCS<\/a>)\u00a0 Projects<\/li>\n<\/ul>\n<p><strong>Ph.D. Reviewer<\/strong><\/p>\n<ul>\n<li><strong>Ph.D. defendant<\/strong> for the KTH Royal Institute of Technology<\/li>\n<li>External <strong>Ph.D. reviewer<\/strong> for the <a href=\"http:\/\/www.lsi.upc.edu\">Universitat Politecnica de Catalunya<\/a> (UPC)<\/li>\n<li>External <strong>Ph.D. reviewer<\/strong> for the Universit\u00e9 de Rennes I<\/li>\n<li>External <strong>Ph.D. reviewer<\/strong> for Universit\u00e0 di Pavia, Universit\u00e0 di Trento, Roma La Sapienza, Politecnico di Milano, Universit\u00e0 di Genova<\/li>\n<\/ul>\n","protected":false},"excerpt":{"rendered":"<p>Education (2005 &#8211; 2008)\u00a0 IMT Lucca Institute for Advanced Studies PhD student with full grant\u00a0 at the PhD Programme in Computer Science December 2008 &#8211; Ph.D. in Computer Science and Engineering Thesis awarded with the 2009 E.R. Caianiello Award for the best Ph.D. Thesis in Neural Networks and related fields (2007 &#8211; 2008)\u00a0\u00a0 Liverpool John [&hellip;]<\/p>\n","protected":false},"author":19,"featured_media":0,"parent":0,"menu_order":0,"comment_status":"closed","ping_status":"closed","template":"","meta":{"footnotes":""},"class_list":["post-32","page","type-page","status-publish","hentry"],"_links":{"self":[{"href":"https:\/\/pages.di.unipi.it\/bacciu\/wp-json\/wp\/v2\/pages\/32","targetHints":{"allow":["GET"]}}],"collection":[{"href":"https:\/\/pages.di.unipi.it\/bacciu\/wp-json\/wp\/v2\/pages"}],"about":[{"href":"https:\/\/pages.di.unipi.it\/bacciu\/wp-json\/wp\/v2\/types\/page"}],"author":[{"embeddable":true,"href":"https:\/\/pages.di.unipi.it\/bacciu\/wp-json\/wp\/v2\/users\/19"}],"replies":[{"embeddable":true,"href":"https:\/\/pages.di.unipi.it\/bacciu\/wp-json\/wp\/v2\/comments?post=32"}],"version-history":[{"count":146,"href":"https:\/\/pages.di.unipi.it\/bacciu\/wp-json\/wp\/v2\/pages\/32\/revisions"}],"predecessor-version":[{"id":1619,"href":"https:\/\/pages.di.unipi.it\/bacciu\/wp-json\/wp\/v2\/pages\/32\/revisions\/1619"}],"wp:attachment":[{"href":"https:\/\/pages.di.unipi.it\/bacciu\/wp-json\/wp\/v2\/media?parent=32"}],"curies":[{"name":"wp","href":"https:\/\/api.w.org\/{rel}","templated":true}]}}